{"id":14,"date":"2025-11-26T17:06:00","date_gmt":"2025-11-26T16:06:00","guid":{"rendered":"https:\/\/conseil-saint-pierre.fr\/?page_id=14"},"modified":"2026-03-27T11:49:41","modified_gmt":"2026-03-27T10:49:41","slug":"elementor-14","status":"publish","type":"page","link":"https:\/\/conseil-saint-pierre.fr\/","title":{"rendered":"Conseil-saint-Pierre"},"content":{"rendered":"\t\t<div data-elementor-type=\"wp-page\" data-elementor-id=\"14\" class=\"elementor elementor-14\" data-elementor-post-type=\"page\">\n\t\t\t\t<div class=\"elementor-element elementor-element-2060b8c e-flex e-con-boxed e-con e-parent\" data-id=\"2060b8c\" data-element_type=\"container\" data-settings=\"{&quot;background_background&quot;:&quot;classic&quot;}\">\n\t\t\t\t\t<div class=\"e-con-inner\">\n\t\t<div class=\"elementor-element elementor-element-96a2067 e-con-full e-flex e-con e-child\" data-id=\"96a2067\" data-element_type=\"container\" data-settings=\"{&quot;background_background&quot;:&quot;classic&quot;}\">\n\t\t<div class=\"elementor-element elementor-element-e79ba5d e-con-full e-flex e-con e-child\" data-id=\"e79ba5d\" data-element_type=\"container\">\n\t\t<div class=\"elementor-element elementor-element-363cbfc e-con-full e-flex e-con e-child\" data-id=\"363cbfc\" data-element_type=\"container\" data-settings=\"{&quot;background_background&quot;:&quot;classic&quot;}\">\n\t\t\t\t<div class=\"elementor-element elementor-element-a1ca1ec elementor-widget elementor-widget-video\" data-id=\"a1ca1ec\" data-element_type=\"widget\" data-settings=\"{&quot;youtube_url&quot;:&quot;https:\\\/\\\/youtu.be\\\/CXnE5KXUPCY&quot;,&quot;video_type&quot;:&quot;youtube&quot;,&quot;controls&quot;:&quot;yes&quot;}\" data-widget_type=\"video.default\">\n\t\t\t\t\t\t\t<div class=\"elementor-wrapper elementor-open-inline\">\n\t\t\t<div class=\"elementor-video\"><\/div>\t\t<\/div>\n\t\t\t\t\t\t<\/div>\n\t\t\t\t<\/div>\n\t\t\t\t<div class=\"elementor-element elementor-element-c2c1cdd elementor-widget elementor-widget-heading\" data-id=\"c2c1cdd\" data-element_type=\"widget\" id=\"conseil\" data-widget_type=\"heading.default\">\n\t\t\t\t\t<h2 class=\"elementor-heading-title elementor-size-default\">Qui sommes nous<\/h2>\t\t\t\t<\/div>\n\t\t\t\t<div class=\"elementor-element elementor-element-28f7dce elementor-widget elementor-widget-text-editor\" data-id=\"28f7dce\" data-element_type=\"widget\" data-widget_type=\"text-editor.default\">\n\t\t\t\t\t\t\t\t\t<p data-start=\"383\" data-end=\"789\">Ouverts \u00e0 tous les hommes catholiques d\u00e9sireux de vivre leur foi dans la fraternit\u00e9, les Chevaliers de Colomb \u00e0 Nantes s\u2019inscrivent dans une <strong>mission de service<\/strong>, enracin\u00e9e \u00e0 la fois dans la tradition eccl\u00e9siale et dans les r\u00e9alit\u00e9s contemporaines de la vie paroissiale.<br \/>Fond\u00e9 en n<strong>ovembre 2022,<\/strong> le Conseil Saint-Pierre de Nantes des Chevaliers de Colomb regroupe une <strong>quarantaine d\u2019hommes<\/strong> des paroisses <strong>de Saint-Cl\u00e9ment, de Notre-Dame de Nantes et de Sainte-Madeleine.<\/strong> <br \/>Lors d\u2019une <strong>r\u00e9union mensuelle<\/strong>, nous <strong>prions ensemble<\/strong>, recensons les besoins de nos paroisses, et <strong>vivons un moment de convivialit\u00e9.<\/strong> En se r\u00e9unissant comme une fraternit\u00e9 de fr\u00e8res, les Chevaliers renforcent leurs liens d\u2019amiti\u00e9 et de foi pour t\u00e9moigner ensemble de l\u2019\u00c9vangile au c\u0153ur de leurs paroisses.<br \/><strong>Ancr\u00e9s dans l\u2019action<\/strong>, les Chevaliers de Colomb sont l\u00e0 <strong>pour \u00e9pauler nos pr\u00eatres, et toutes les initiatives port\u00e9es par le dioc\u00e8se.<\/strong> Nous nous mettons au service pour encadrer des \u00e9v\u00e9nements, participer \u00e0 des chantiers dans les paroisses ou pour des communaut\u00e9s religieuses.<\/p>\t\t\t\t\t\t\t\t<\/div>\n\t\t<div class=\"elementor-element elementor-element-b8cbd32 e-con-full e-flex e-con e-child\" data-id=\"b8cbd32\" data-element_type=\"container\" id=\"referents\">\n\t\t\t\t<div class=\"elementor-element elementor-element-2a4fe68 elementor-widget elementor-widget-heading\" data-id=\"2a4fe68\" data-element_type=\"widget\" data-widget_type=\"heading.default\">\n\t\t\t\t\t<h2 class=\"elementor-heading-title elementor-size-default\">Nos r\u00e9f\u00e9rents paroisses <\/h2>\t\t\t\t<\/div>\n\t\t\t\t<div class=\"elementor-element elementor-element-6ef27c2 elementor-widget elementor-widget-text-editor\" data-id=\"6ef27c2\" data-element_type=\"widget\" data-widget_type=\"text-editor.default\">\n\t\t\t\t\t\t\t\t\t<p>Vous souhaitez prendre contact avec nos r\u00e9f\u00e9rents paroisses, ils sont l\u00e0 pour vous renseigner (devenir chevalier, participer \u00e0 un conseil, \u00e0 un service, demander des informations sur les chevaliers \u2026.)<\/p>\t\t\t\t\t\t\t\t<\/div>\n\t\t\t\t<div class=\"elementor-element elementor-element-c16b726 elementor-widget__width-inherit elementor-widget elementor-widget-image\" data-id=\"c16b726\" data-element_type=\"widget\" data-widget_type=\"image.default\">\n\t\t\t\t\t\t\t\t\t\t\t\t\t\t\t<img fetchpriority=\"high\" decoding=\"async\" width=\"2532\" height=\"850\" src=\"https:\/\/conseil-saint-pierre.fr\/wp-content\/uploads\/2026\/02\/paroisses.png\" class=\"attachment-full size-full wp-image-245\" alt=\"\" srcset=\"https:\/\/conseil-saint-pierre.fr\/wp-content\/uploads\/2026\/02\/paroisses.png 2532w, https:\/\/conseil-saint-pierre.fr\/wp-content\/uploads\/2026\/02\/paroisses-300x101.png 300w, https:\/\/conseil-saint-pierre.fr\/wp-content\/uploads\/2026\/02\/paroisses-1024x344.png 1024w, https:\/\/conseil-saint-pierre.fr\/wp-content\/uploads\/2026\/02\/paroisses-768x258.png 768w, https:\/\/conseil-saint-pierre.fr\/wp-content\/uploads\/2026\/02\/paroisses-1536x516.png 1536w, https:\/\/conseil-saint-pierre.fr\/wp-content\/uploads\/2026\/02\/paroisses-2048x688.png 2048w\" sizes=\"100vw\" \/>\t\t\t\t\t\t\t\t\t\t\t\t\t\t\t<\/div>\n\t\t<div class=\"elementor-element elementor-element-407a922 e-con-full e-flex e-con e-child\" data-id=\"407a922\" data-element_type=\"container\">\n\t\t<div class=\"elementor-element elementor-element-ba0eb2f e-con-full e-flex e-con e-child\" data-id=\"ba0eb2f\" data-element_type=\"container\">\n\t\t\t\t<div class=\"elementor-element elementor-element-d647763 elementor-widget elementor-widget-heading\" data-id=\"d647763\" data-element_type=\"widget\" data-widget_type=\"heading.default\">\n\t\t\t\t\t<h2 class=\"elementor-heading-title elementor-size-default\">Notre dame de NANTES<\/h2>\t\t\t\t<\/div>\n\t\t\t\t<div class=\"elementor-element elementor-element-8c418d2 elementor-widget elementor-widget-heading\" data-id=\"8c418d2\" data-element_type=\"widget\" data-widget_type=\"heading.default\">\n\t\t\t\t\t<h2 class=\"elementor-heading-title elementor-size-default\">Guillaume Maillote<\/h2>\t\t\t\t<\/div>\n\t\t\t\t<div class=\"elementor-element elementor-element-daee1a6 elementor-widget elementor-widget-heading\" data-id=\"daee1a6\" data-element_type=\"widget\" data-widget_type=\"heading.default\">\n\t\t\t\t\t<h2 class=\"elementor-heading-title elementor-size-default\">06.14. 86.51.70<\/h2>\t\t\t\t<\/div>\n\t\t\t\t<\/div>\n\t\t<div class=\"elementor-element elementor-element-8eac7f1 e-con-full e-flex e-con e-child\" data-id=\"8eac7f1\" data-element_type=\"container\">\n\t\t\t\t<div class=\"elementor-element elementor-element-ecec26c elementor-widget elementor-widget-heading\" data-id=\"ecec26c\" data-element_type=\"widget\" data-widget_type=\"heading.default\">\n\t\t\t\t\t<h2 class=\"elementor-heading-title elementor-size-default\"> Sainte-Madeleine<\/h2>\t\t\t\t<\/div>\n\t\t\t\t<div class=\"elementor-element elementor-element-7971e5b elementor-widget elementor-widget-heading\" data-id=\"7971e5b\" data-element_type=\"widget\" data-widget_type=\"heading.default\">\n\t\t\t\t\t<h2 class=\"elementor-heading-title elementor-size-default\">Norbert Mallet<\/h2>\t\t\t\t<\/div>\n\t\t\t\t<div class=\"elementor-element elementor-element-9828f7d elementor-widget elementor-widget-heading\" data-id=\"9828f7d\" data-element_type=\"widget\" data-widget_type=\"heading.default\">\n\t\t\t\t\t<h2 class=\"elementor-heading-title elementor-size-default\">06.12.42.19.30<\/h2>\t\t\t\t<\/div>\n\t\t\t\t<\/div>\n\t\t<div class=\"elementor-element elementor-element-558d9e4 e-con-full e-flex e-con e-child\" data-id=\"558d9e4\" data-element_type=\"container\">\n\t\t\t\t<div class=\"elementor-element elementor-element-bd401ae elementor-widget elementor-widget-heading\" data-id=\"bd401ae\" data-element_type=\"widget\" data-widget_type=\"heading.default\">\n\t\t\t\t\t<h2 class=\"elementor-heading-title elementor-size-default\">Saint cl\u00e9ment<\/h2>\t\t\t\t<\/div>\n\t\t\t\t<div class=\"elementor-element elementor-element-79e217a elementor-widget elementor-widget-heading\" data-id=\"79e217a\" data-element_type=\"widget\" data-widget_type=\"heading.default\">\n\t\t\t\t\t<h2 class=\"elementor-heading-title elementor-size-default\">Charles O'Neil <\/h2>\t\t\t\t<\/div>\n\t\t\t\t<div class=\"elementor-element elementor-element-25405ff elementor-widget elementor-widget-heading\" data-id=\"25405ff\" data-element_type=\"widget\" data-widget_type=\"heading.default\">\n\t\t\t\t\t<h2 class=\"elementor-heading-title elementor-size-default\">07.77.79.19.00<\/h2>\t\t\t\t<\/div>\n\t\t\t\t<\/div>\n\t\t\t\t<\/div>\n\t\t\t\t<\/div>\n\t\t\t\t<div class=\"elementor-element elementor-element-1196ca5 elementor-widget elementor-widget-text-editor\" data-id=\"1196ca5\" data-element_type=\"widget\" data-widget_type=\"text-editor.default\">\n\t\t\t\t\t\t\t\t\t<p><b>Par mail : <a href=\"mailto:mathieu.gourves@gmail.com\" target=\"_blank\" rel=\"noopener\">mathieu.<span class=\"il\">gourves<\/span>@gmail.com<\/a><\/b><\/p>\t\t\t\t\t\t\t\t<\/div>\n\t\t<div class=\"elementor-element elementor-element-6d1c53c e-con-full e-flex e-con e-child\" data-id=\"6d1c53c\" data-element_type=\"container\">\n\t\t\t\t<div class=\"elementor-element elementor-element-31a34a7 elementor-widget elementor-widget-gallery\" data-id=\"31a34a7\" data-element_type=\"widget\" data-settings=\"{&quot;gallery_layout&quot;:&quot;masonry&quot;,&quot;columns&quot;:3,&quot;lazyload&quot;:&quot;yes&quot;,&quot;columns_tablet&quot;:2,&quot;columns_mobile&quot;:1,&quot;gap&quot;:{&quot;unit&quot;:&quot;px&quot;,&quot;size&quot;:10,&quot;sizes&quot;:[]},&quot;gap_tablet&quot;:{&quot;unit&quot;:&quot;px&quot;,&quot;size&quot;:10,&quot;sizes&quot;:[]},&quot;gap_mobile&quot;:{&quot;unit&quot;:&quot;px&quot;,&quot;size&quot;:10,&quot;sizes&quot;:[]},&quot;link_to&quot;:&quot;file&quot;,&quot;overlay_background&quot;:&quot;yes&quot;,&quot;content_hover_animation&quot;:&quot;fade-in&quot;}\" data-widget_type=\"gallery.default\">\n\t\t\t\t\t\t\t<div class=\"elementor-gallery__container\">\n\t\t\t\t\t\t\t<a class=\"e-gallery-item elementor-gallery-item elementor-animated-content\" href=\"https:\/\/conseil-saint-pierre.fr\/wp-content\/uploads\/2026\/02\/7-12-ND-Guadalupe-1.jpg\" data-elementor-open-lightbox=\"yes\" data-elementor-lightbox-slideshow=\"31a34a7\" data-elementor-lightbox-title=\"7 12 ND Guadalupe 1\" data-e-action-hash=\"#elementor-action%3Aaction%3Dlightbox%26settings%3DeyJpZCI6MTc2LCJ1cmwiOiJodHRwczpcL1wvY29uc2VpbC1zYWludC1waWVycmUuZnJcL3dwLWNvbnRlbnRcL3VwbG9hZHNcLzIwMjZcLzAyXC83LTEyLU5ELUd1YWRhbHVwZS0xLmpwZyIsInNsaWRlc2hvdyI6IjMxYTM0YTcifQ%3D%3D\">\n\t\t\t\t\t<div class=\"e-gallery-image elementor-gallery-item__image\" data-thumbnail=\"https:\/\/conseil-saint-pierre.fr\/wp-content\/uploads\/2026\/02\/7-12-ND-Guadalupe-1.jpg\" data-width=\"1200\" data-height=\"1600\" aria-label=\"\" role=\"img\" ><\/div>\n\t\t\t\t\t\t\t\t\t\t\t<div class=\"elementor-gallery-item__overlay\"><\/div>\n\t\t\t\t\t\t\t\t\t\t\t\t\t\t<\/a>\n\t\t\t\t\t\t\t<a class=\"e-gallery-item elementor-gallery-item elementor-animated-content\" href=\"https:\/\/conseil-saint-pierre.fr\/wp-content\/uploads\/2026\/02\/7-12-ND-Guadalupe-2.jpg\" data-elementor-open-lightbox=\"yes\" data-elementor-lightbox-slideshow=\"31a34a7\" data-elementor-lightbox-title=\"7 12 ND Guadalupe 2\" data-e-action-hash=\"#elementor-action%3Aaction%3Dlightbox%26settings%3DeyJpZCI6MTc3LCJ1cmwiOiJodHRwczpcL1wvY29uc2VpbC1zYWludC1waWVycmUuZnJcL3dwLWNvbnRlbnRcL3VwbG9hZHNcLzIwMjZcLzAyXC83LTEyLU5ELUd1YWRhbHVwZS0yLmpwZyIsInNsaWRlc2hvdyI6IjMxYTM0YTcifQ%3D%3D\">\n\t\t\t\t\t<div class=\"e-gallery-image elementor-gallery-item__image\" data-thumbnail=\"https:\/\/conseil-saint-pierre.fr\/wp-content\/uploads\/2026\/02\/7-12-ND-Guadalupe-2.jpg\" data-width=\"1213\" data-height=\"919\" aria-label=\"\" role=\"img\" ><\/div>\n\t\t\t\t\t\t\t\t\t\t\t<div class=\"elementor-gallery-item__overlay\"><\/div>\n\t\t\t\t\t\t\t\t\t\t\t\t\t\t<\/a>\n\t\t\t\t\t\t\t<a class=\"e-gallery-item elementor-gallery-item elementor-animated-content\" href=\"https:\/\/conseil-saint-pierre.fr\/wp-content\/uploads\/2026\/02\/7-12-ND-Guadalupe-3.jpg\" data-elementor-open-lightbox=\"yes\" data-elementor-lightbox-slideshow=\"31a34a7\" data-elementor-lightbox-title=\"7 12 ND Guadalupe 3\" data-e-action-hash=\"#elementor-action%3Aaction%3Dlightbox%26settings%3DeyJpZCI6MTc4LCJ1cmwiOiJodHRwczpcL1wvY29uc2VpbC1zYWludC1waWVycmUuZnJcL3dwLWNvbnRlbnRcL3VwbG9hZHNcLzIwMjZcLzAyXC83LTEyLU5ELUd1YWRhbHVwZS0zLmpwZyIsInNsaWRlc2hvdyI6IjMxYTM0YTcifQ%3D%3D\">\n\t\t\t\t\t<div class=\"e-gallery-image elementor-gallery-item__image\" data-thumbnail=\"https:\/\/conseil-saint-pierre.fr\/wp-content\/uploads\/2026\/02\/7-12-ND-Guadalupe-3.jpg\" data-width=\"1348\" data-height=\"919\" aria-label=\"\" role=\"img\" ><\/div>\n\t\t\t\t\t\t\t\t\t\t\t<div class=\"elementor-gallery-item__overlay\"><\/div>\n\t\t\t\t\t\t\t\t\t\t\t\t\t\t<\/a>\n\t\t\t\t\t\t\t<a class=\"e-gallery-item elementor-gallery-item elementor-animated-content\" href=\"https:\/\/conseil-saint-pierre.fr\/wp-content\/uploads\/2026\/02\/8-12-Immacule-.jpg\" data-elementor-open-lightbox=\"yes\" data-elementor-lightbox-slideshow=\"31a34a7\" data-elementor-lightbox-title=\"8 12 Immacul\u00e9\" data-e-action-hash=\"#elementor-action%3Aaction%3Dlightbox%26settings%3DeyJpZCI6MTc5LCJ1cmwiOiJodHRwczpcL1wvY29uc2VpbC1zYWludC1waWVycmUuZnJcL3dwLWNvbnRlbnRcL3VwbG9hZHNcLzIwMjZcLzAyXC84LTEyLUltbWFjdWxlLS5qcGciLCJzbGlkZXNob3ciOiIzMWEzNGE3In0%3D\">\n\t\t\t\t\t<div class=\"e-gallery-image elementor-gallery-item__image\" data-thumbnail=\"https:\/\/conseil-saint-pierre.fr\/wp-content\/uploads\/2026\/02\/8-12-Immacule-.jpg\" data-width=\"1200\" data-height=\"1600\" aria-label=\"\" role=\"img\" ><\/div>\n\t\t\t\t\t\t\t\t\t\t\t<div class=\"elementor-gallery-item__overlay\"><\/div>\n\t\t\t\t\t\t\t\t\t\t\t\t\t\t<\/a>\n\t\t\t\t\t\t\t<a class=\"e-gallery-item elementor-gallery-item elementor-animated-content\" href=\"https:\/\/conseil-saint-pierre.fr\/wp-content\/uploads\/2026\/02\/8-12-Immacule-_1.jpg\" data-elementor-open-lightbox=\"yes\" data-elementor-lightbox-slideshow=\"31a34a7\" data-elementor-lightbox-title=\"8 12 Immacul\u00e9 _1\" data-e-action-hash=\"#elementor-action%3Aaction%3Dlightbox%26settings%3DeyJpZCI6MTgwLCJ1cmwiOiJodHRwczpcL1wvY29uc2VpbC1zYWludC1waWVycmUuZnJcL3dwLWNvbnRlbnRcL3VwbG9hZHNcLzIwMjZcLzAyXC84LTEyLUltbWFjdWxlLV8xLmpwZyIsInNsaWRlc2hvdyI6IjMxYTM0YTcifQ%3D%3D\">\n\t\t\t\t\t<div class=\"e-gallery-image elementor-gallery-item__image\" data-thumbnail=\"https:\/\/conseil-saint-pierre.fr\/wp-content\/uploads\/2026\/02\/8-12-Immacule-_1.jpg\" data-width=\"1600\" data-height=\"1200\" aria-label=\"\" role=\"img\" ><\/div>\n\t\t\t\t\t\t\t\t\t\t\t<div class=\"elementor-gallery-item__overlay\"><\/div>\n\t\t\t\t\t\t\t\t\t\t\t\t\t\t<\/a>\n\t\t\t\t\t\t\t<a class=\"e-gallery-item elementor-gallery-item elementor-animated-content\" href=\"https:\/\/conseil-saint-pierre.fr\/wp-content\/uploads\/2026\/02\/8-12-Immacule-_2.jpg\" data-elementor-open-lightbox=\"yes\" data-elementor-lightbox-slideshow=\"31a34a7\" data-elementor-lightbox-title=\"8 12 Immacul\u00e9 _2\" data-e-action-hash=\"#elementor-action%3Aaction%3Dlightbox%26settings%3DeyJpZCI6MTgxLCJ1cmwiOiJodHRwczpcL1wvY29uc2VpbC1zYWludC1waWVycmUuZnJcL3dwLWNvbnRlbnRcL3VwbG9hZHNcLzIwMjZcLzAyXC84LTEyLUltbWFjdWxlLV8yLmpwZyIsInNsaWRlc2hvdyI6IjMxYTM0YTcifQ%3D%3D\">\n\t\t\t\t\t<div class=\"e-gallery-image elementor-gallery-item__image\" data-thumbnail=\"https:\/\/conseil-saint-pierre.fr\/wp-content\/uploads\/2026\/02\/8-12-Immacule-_2.jpg\" data-width=\"1536\" data-height=\"2048\" aria-label=\"\" role=\"img\" ><\/div>\n\t\t\t\t\t\t\t\t\t\t\t<div class=\"elementor-gallery-item__overlay\"><\/div>\n\t\t\t\t\t\t\t\t\t\t\t\t\t\t<\/a>\n\t\t\t\t\t\t\t<a class=\"e-gallery-item elementor-gallery-item elementor-animated-content\" href=\"https:\/\/conseil-saint-pierre.fr\/wp-content\/uploads\/2026\/02\/8-12-Immacule-_3.jpg\" data-elementor-open-lightbox=\"yes\" data-elementor-lightbox-slideshow=\"31a34a7\" data-elementor-lightbox-title=\"8 12 Immacul\u00e9 _3\" data-e-action-hash=\"#elementor-action%3Aaction%3Dlightbox%26settings%3DeyJpZCI6MTgyLCJ1cmwiOiJodHRwczpcL1wvY29uc2VpbC1zYWludC1waWVycmUuZnJcL3dwLWNvbnRlbnRcL3VwbG9hZHNcLzIwMjZcLzAyXC84LTEyLUltbWFjdWxlLV8zLmpwZyIsInNsaWRlc2hvdyI6IjMxYTM0YTcifQ%3D%3D\">\n\t\t\t\t\t<div class=\"e-gallery-image elementor-gallery-item__image\" data-thumbnail=\"https:\/\/conseil-saint-pierre.fr\/wp-content\/uploads\/2026\/02\/8-12-Immacule-_3.jpg\" data-width=\"1152\" data-height=\"2048\" aria-label=\"\" role=\"img\" ><\/div>\n\t\t\t\t\t\t\t\t\t\t\t<div class=\"elementor-gallery-item__overlay\"><\/div>\n\t\t\t\t\t\t\t\t\t\t\t\t\t\t<\/a>\n\t\t\t\t\t\t\t<a class=\"e-gallery-item elementor-gallery-item elementor-animated-content\" href=\"https:\/\/conseil-saint-pierre.fr\/wp-content\/uploads\/2026\/02\/15-11-presby-ND-Bon-Port-1.jpg\" data-elementor-open-lightbox=\"yes\" data-elementor-lightbox-slideshow=\"31a34a7\" data-elementor-lightbox-title=\"15 11 presby ND Bon Port 1\" data-e-action-hash=\"#elementor-action%3Aaction%3Dlightbox%26settings%3DeyJpZCI6MTgzLCJ1cmwiOiJodHRwczpcL1wvY29uc2VpbC1zYWludC1waWVycmUuZnJcL3dwLWNvbnRlbnRcL3VwbG9hZHNcLzIwMjZcLzAyXC8xNS0xMS1wcmVzYnktTkQtQm9uLVBvcnQtMS5qcGciLCJzbGlkZXNob3ciOiIzMWEzNGE3In0%3D\">\n\t\t\t\t\t<div class=\"e-gallery-image elementor-gallery-item__image\" data-thumbnail=\"https:\/\/conseil-saint-pierre.fr\/wp-content\/uploads\/2026\/02\/15-11-presby-ND-Bon-Port-1.jpg\" data-width=\"1600\" data-height=\"961\" aria-label=\"\" role=\"img\" ><\/div>\n\t\t\t\t\t\t\t\t\t\t\t<div class=\"elementor-gallery-item__overlay\"><\/div>\n\t\t\t\t\t\t\t\t\t\t\t\t\t\t<\/a>\n\t\t\t\t\t\t\t<a class=\"e-gallery-item elementor-gallery-item elementor-animated-content\" href=\"https:\/\/conseil-saint-pierre.fr\/wp-content\/uploads\/2026\/02\/15-11-presby-ND-Bon-Port-2.jpg\" data-elementor-open-lightbox=\"yes\" data-elementor-lightbox-slideshow=\"31a34a7\" data-elementor-lightbox-title=\"15 11 presby ND Bon Port 2\" data-e-action-hash=\"#elementor-action%3Aaction%3Dlightbox%26settings%3DeyJpZCI6MTg0LCJ1cmwiOiJodHRwczpcL1wvY29uc2VpbC1zYWludC1waWVycmUuZnJcL3dwLWNvbnRlbnRcL3VwbG9hZHNcLzIwMjZcLzAyXC8xNS0xMS1wcmVzYnktTkQtQm9uLVBvcnQtMi5qcGciLCJzbGlkZXNob3ciOiIzMWEzNGE3In0%3D\">\n\t\t\t\t\t<div class=\"e-gallery-image elementor-gallery-item__image\" data-thumbnail=\"https:\/\/conseil-saint-pierre.fr\/wp-content\/uploads\/2026\/02\/15-11-presby-ND-Bon-Port-2.jpg\" data-width=\"1200\" data-height=\"1600\" aria-label=\"\" role=\"img\" ><\/div>\n\t\t\t\t\t\t\t\t\t\t\t<div class=\"elementor-gallery-item__overlay\"><\/div>\n\t\t\t\t\t\t\t\t\t\t\t\t\t\t<\/a>\n\t\t\t\t\t\t\t<a class=\"e-gallery-item elementor-gallery-item elementor-animated-content\" href=\"https:\/\/conseil-saint-pierre.fr\/wp-content\/uploads\/2026\/02\/15-11-presby-ND-Bon-Port-3.jpg\" data-elementor-open-lightbox=\"yes\" data-elementor-lightbox-slideshow=\"31a34a7\" data-elementor-lightbox-title=\"15 11 presby ND Bon Port 3\" data-e-action-hash=\"#elementor-action%3Aaction%3Dlightbox%26settings%3DeyJpZCI6MTg1LCJ1cmwiOiJodHRwczpcL1wvY29uc2VpbC1zYWludC1waWVycmUuZnJcL3dwLWNvbnRlbnRcL3VwbG9hZHNcLzIwMjZcLzAyXC8xNS0xMS1wcmVzYnktTkQtQm9uLVBvcnQtMy5qcGciLCJzbGlkZXNob3ciOiIzMWEzNGE3In0%3D\">\n\t\t\t\t\t<div class=\"e-gallery-image elementor-gallery-item__image\" data-thumbnail=\"https:\/\/conseil-saint-pierre.fr\/wp-content\/uploads\/2026\/02\/15-11-presby-ND-Bon-Port-3.jpg\" data-width=\"1600\" data-height=\"952\" aria-label=\"\" role=\"img\" ><\/div>\n\t\t\t\t\t\t\t\t\t\t\t<div class=\"elementor-gallery-item__overlay\"><\/div>\n\t\t\t\t\t\t\t\t\t\t\t\t\t\t<\/a>\n\t\t\t\t\t\t\t<a class=\"e-gallery-item elementor-gallery-item elementor-animated-content\" href=\"https:\/\/conseil-saint-pierre.fr\/wp-content\/uploads\/2026\/02\/28-11-Visitandines-1-scaled.jpg\" data-elementor-open-lightbox=\"yes\" data-elementor-lightbox-slideshow=\"31a34a7\" data-elementor-lightbox-title=\"28 11 Visitandines 1\" data-e-action-hash=\"#elementor-action%3Aaction%3Dlightbox%26settings%3DeyJpZCI6MTg2LCJ1cmwiOiJodHRwczpcL1wvY29uc2VpbC1zYWludC1waWVycmUuZnJcL3dwLWNvbnRlbnRcL3VwbG9hZHNcLzIwMjZcLzAyXC8yOC0xMS1WaXNpdGFuZGluZXMtMS1zY2FsZWQuanBnIiwic2xpZGVzaG93IjoiMzFhMzRhNyJ9\">\n\t\t\t\t\t<div class=\"e-gallery-image elementor-gallery-item__image\" data-thumbnail=\"https:\/\/conseil-saint-pierre.fr\/wp-content\/uploads\/2026\/02\/28-11-Visitandines-1-scaled.jpg\" data-width=\"1920\" data-height=\"2560\" aria-label=\"\" role=\"img\" ><\/div>\n\t\t\t\t\t\t\t\t\t\t\t<div class=\"elementor-gallery-item__overlay\"><\/div>\n\t\t\t\t\t\t\t\t\t\t\t\t\t\t<\/a>\n\t\t\t\t\t\t\t<a class=\"e-gallery-item elementor-gallery-item elementor-animated-content\" href=\"https:\/\/conseil-saint-pierre.fr\/wp-content\/uploads\/2026\/02\/28-11-Visitandines-2-scaled.jpg\" data-elementor-open-lightbox=\"yes\" data-elementor-lightbox-slideshow=\"31a34a7\" data-elementor-lightbox-title=\"28 11 Visitandines 2\" data-e-action-hash=\"#elementor-action%3Aaction%3Dlightbox%26settings%3DeyJpZCI6MTg3LCJ1cmwiOiJodHRwczpcL1wvY29uc2VpbC1zYWludC1waWVycmUuZnJcL3dwLWNvbnRlbnRcL3VwbG9hZHNcLzIwMjZcLzAyXC8yOC0xMS1WaXNpdGFuZGluZXMtMi1zY2FsZWQuanBnIiwic2xpZGVzaG93IjoiMzFhMzRhNyJ9\">\n\t\t\t\t\t<div class=\"e-gallery-image elementor-gallery-item__image\" data-thumbnail=\"https:\/\/conseil-saint-pierre.fr\/wp-content\/uploads\/2026\/02\/28-11-Visitandines-2-scaled.jpg\" data-width=\"1920\" data-height=\"2560\" aria-label=\"\" role=\"img\" ><\/div>\n\t\t\t\t\t\t\t\t\t\t\t<div class=\"elementor-gallery-item__overlay\"><\/div>\n\t\t\t\t\t\t\t\t\t\t\t\t\t\t<\/a>\n\t\t\t\t\t\t\t<a class=\"e-gallery-item elementor-gallery-item elementor-animated-content\" href=\"https:\/\/conseil-saint-pierre.fr\/wp-content\/uploads\/2026\/02\/29-11-Montval-1.jpg\" data-elementor-open-lightbox=\"yes\" data-elementor-lightbox-slideshow=\"31a34a7\" data-elementor-lightbox-title=\"29 11 Montval 1\" data-e-action-hash=\"#elementor-action%3Aaction%3Dlightbox%26settings%3DeyJpZCI6MTg4LCJ1cmwiOiJodHRwczpcL1wvY29uc2VpbC1zYWludC1waWVycmUuZnJcL3dwLWNvbnRlbnRcL3VwbG9hZHNcLzIwMjZcLzAyXC8yOS0xMS1Nb250dmFsLTEuanBnIiwic2xpZGVzaG93IjoiMzFhMzRhNyJ9\">\n\t\t\t\t\t<div class=\"e-gallery-image elementor-gallery-item__image\" data-thumbnail=\"https:\/\/conseil-saint-pierre.fr\/wp-content\/uploads\/2026\/02\/29-11-Montval-1.jpg\" data-width=\"1200\" data-height=\"1600\" aria-label=\"\" role=\"img\" ><\/div>\n\t\t\t\t\t\t\t\t\t\t\t<div class=\"elementor-gallery-item__overlay\"><\/div>\n\t\t\t\t\t\t\t\t\t\t\t\t\t\t<\/a>\n\t\t\t\t\t\t\t<a class=\"e-gallery-item elementor-gallery-item elementor-animated-content\" href=\"https:\/\/conseil-saint-pierre.fr\/wp-content\/uploads\/2026\/02\/29-11-Montval-2.jpg\" data-elementor-open-lightbox=\"yes\" data-elementor-lightbox-slideshow=\"31a34a7\" data-elementor-lightbox-title=\"29 11 Montval 2\" data-e-action-hash=\"#elementor-action%3Aaction%3Dlightbox%26settings%3DeyJpZCI6MTg5LCJ1cmwiOiJodHRwczpcL1wvY29uc2VpbC1zYWludC1waWVycmUuZnJcL3dwLWNvbnRlbnRcL3VwbG9hZHNcLzIwMjZcLzAyXC8yOS0xMS1Nb250dmFsLTIuanBnIiwic2xpZGVzaG93IjoiMzFhMzRhNyJ9\">\n\t\t\t\t\t<div class=\"e-gallery-image elementor-gallery-item__image\" data-thumbnail=\"https:\/\/conseil-saint-pierre.fr\/wp-content\/uploads\/2026\/02\/29-11-Montval-2.jpg\" data-width=\"1200\" data-height=\"1600\" aria-label=\"\" role=\"img\" ><\/div>\n\t\t\t\t\t\t\t\t\t\t\t<div class=\"elementor-gallery-item__overlay\"><\/div>\n\t\t\t\t\t\t\t\t\t\t\t\t\t\t<\/a>\n\t\t\t\t\t<\/div>\n\t\t\t\t\t<\/div>\n\t\t\t\t<\/div>\n\t\t\t\t<\/div>\n\t\t\t\t<\/div>\n\t\t\t\t<div class=\"elementor-element elementor-element-5ee36d4 elementor-widget elementor-widget-spacer\" data-id=\"5ee36d4\" data-element_type=\"widget\" data-widget_type=\"spacer.default\">\n\t\t\t\t\t\t\t<div class=\"elementor-spacer\">\n\t\t\t<div class=\"elementor-spacer-inner\"><\/div>\n\t\t<\/div>\n\t\t\t\t\t\t<\/div>\n\t\t\t\t\t<\/div>\n\t\t\t\t<\/div>\n\t\t\t\t<\/div>\n\t\t","protected":false},"excerpt":{"rendered":"<p>https:\/\/youtu.be\/CXnE5KXUPCY Qui sommes nous Ouverts \u00e0 tous les hommes catholiques d\u00e9sireux de vivre leur foi dans la fraternit\u00e9, les Chevaliers de Colomb \u00e0 Nantes s\u2019inscrivent dans une mission de service, enracin\u00e9e \u00e0 la fois dans la tradition eccl\u00e9siale et dans les r\u00e9alit\u00e9s contemporaines de la vie paroissiale.Fond\u00e9 en novembre 2022, le Conseil Saint-Pierre de Nantes &hellip; <\/p>\n<p class=\"link-more\"><a href=\"https:\/\/conseil-saint-pierre.fr\/\" class=\"more-link\">Continuer la lecture<span class=\"screen-reader-text\"> de &laquo;&nbsp;Conseil-saint-Pierre&nbsp;&raquo;<\/span><\/a><\/p>\n","protected":false},"author":1,"featured_media":0,"parent":0,"menu_order":0,"comment_status":"closed","ping_status":"closed","template":"elementor_header_footer","meta":{"footnotes":""},"class_list":["post-14","page","type-page","status-publish","hentry"],"_links":{"self":[{"href":"https:\/\/conseil-saint-pierre.fr\/index.php?rest_route=\/wp\/v2\/pages\/14","targetHints":{"allow":["GET"]}}],"collection":[{"href":"https:\/\/conseil-saint-pierre.fr\/index.php?rest_route=\/wp\/v2\/pages"}],"about":[{"href":"https:\/\/conseil-saint-pierre.fr\/index.php?rest_route=\/wp\/v2\/types\/page"}],"author":[{"embeddable":true,"href":"https:\/\/conseil-saint-pierre.fr\/index.php?rest_route=\/wp\/v2\/users\/1"}],"replies":[{"embeddable":true,"href":"https:\/\/conseil-saint-pierre.fr\/index.php?rest_route=%2Fwp%2Fv2%2Fcomments&post=14"}],"version-history":[{"count":2,"href":"https:\/\/conseil-saint-pierre.fr\/index.php?rest_route=\/wp\/v2\/pages\/14\/revisions"}],"predecessor-version":[{"id":266,"href":"https:\/\/conseil-saint-pierre.fr\/index.php?rest_route=\/wp\/v2\/pages\/14\/revisions\/266"}],"wp:attachment":[{"href":"https:\/\/conseil-saint-pierre.fr\/index.php?rest_route=%2Fwp%2Fv2%2Fmedia&parent=14"}],"curies":[{"name":"wp","href":"https:\/\/api.w.org\/{rel}","templated":true}]}}